{"id":996,"date":"2017-09-22T13:16:43","date_gmt":"2017-09-22T13:16:43","guid":{"rendered":"http:\/\/dummy.xtemos.com\/woodmart\/demos\/?page_id=996"},"modified":"2025-04-07T23:35:19","modified_gmt":"2025-04-07T23:35:19","slug":"empresa","status":"publish","type":"page","link":"https:\/\/productoslacena.com.ec\/en\/empresa\/","title":{"rendered":"Nuestra Empresa"},"content":{"rendered":"<div class=\"wpb-content-wrapper\"><div class=\"vc_row wpb_row vc_row-fluid vc_custom_1505555012006 vc_row-o-content-middle vc_row-flex\"><div class=\"wpb_column vc_column_container vc_col-sm-12 vc_col-md-6\"><div class=\"vc_column-inner\"><div class=\"wpb_wrapper\">\n\t<div  class=\"wpb_single_image wpb_content_element vc_align_right\">\n\t\t\n\t\t<figure class=\"wpb_wrapper vc_figure\">\n\t\t\t<div class=\"vc_single_image-wrapper   vc_box_border_grey\"><img loading=\"lazy\" decoding=\"async\" width=\"595\" height=\"415\" src=\"https:\/\/productoslacena.com.ec\/wp-content\/uploads\/2019\/12\/LOGO-LA-CENA21135.png\" class=\"vc_single_image-img attachment-full\" alt=\"\" title=\"LOGO-LA-CENA[21135]\" srcset=\"https:\/\/productoslacena.com.ec\/wp-content\/uploads\/2019\/12\/LOGO-LA-CENA21135.png 595w, https:\/\/productoslacena.com.ec\/wp-content\/uploads\/2019\/12\/LOGO-LA-CENA21135-150x105.png 150w, https:\/\/productoslacena.com.ec\/wp-content\/uploads\/2019\/12\/LOGO-LA-CENA21135-300x209.png 300w\" sizes=\"auto, (max-width: 595px) 100vw, 595px\" \/><\/div>\n\t\t<\/figure>\n\t<\/div>\n<\/div><\/div><\/div><div class=\"wpb_column vc_column_container vc_col-sm-12 vc_col-md-6 vc_col-xs-12 vc_col-has-fill color-scheme-dark\"><div class=\"vc_column-inner vc_custom_1505897347535\"><div class=\"wpb_wrapper\">\t\t\t<div id=\"wd-5e165740bd48e\" class=\"wd-text-block-wrapper wd-wpb wd-rs-5e165740bd48e color-scheme-custom text-left vc_custom_1578522477546\">\n\t\t\t\t<div class=\"woodmart-title-container woodmart-text-block reset-last-child font-primary wd-font-weight-400 \">\n\t\t\t\t\tSomos una empresa <em>familiar<\/em> creada en <span class=\"color-primary\">1990<\/span>\t\t\t\t<\/div>\n\n\t\t\t\t\t\t\t<\/div>\n\t\t\n<div class=\"vc-zigzag-wrapper vc_custom_1506086489692 vc-zigzag-align-left\"><div class=\"vc-zigzag-inner\" style=\"width: 20%;min-height: 14px;background: 0 repeat-x url(&#039;data:image\/svg+xml;utf-8,%3C%3Fxml%20version%3D%221.0%22%20encoding%3D%22utf-8%22%3F%3E%3C%21DOCTYPE%20svg%20PUBLIC%20%22-%2F%2FW3C%2F%2FDTD%20SVG%201.1%2F%2FEN%22%20%22http%3A%2F%2Fwww.w3.org%2FGraphics%2FSVG%2F1.1%2FDTD%2Fsvg11.dtd%22%3E%3Csvg%20width%3D%2214px%22%20height%3D%2212px%22%20viewBox%3D%220%200%2018%2015%22%20version%3D%221.1%22%20xmlns%3D%22http%3A%2F%2Fwww.w3.org%2F2000%2Fsvg%22%20xmlns%3Axlink%3D%22http%3A%2F%2Fwww.w3.org%2F1999%2Fxlink%22%3E%3Cpolygon%20id%3D%22Combined-Shape%22%20fill%3D%22%23ebebeb%22%20points%3D%228.98762301%200%200%209.12771969%200%2014.519983%209%205.40479869%2018%2014.519983%2018%209.12771969%22%3E%3C%2Fpolygon%3E%3C%2Fsvg%3E&#039;);\"><\/div><\/div>\n\t<div class=\"wpb_text_column wpb_content_element\" >\n\t\t<div class=\"wpb_wrapper\">\n\t\t\t<p><b>Productos La Cena<\/b>\u00a0somos una pyme familiar ecuatoriana creada en 1990, dedicada a la elaboraci\u00f3n y distribuci\u00f3n de condimentos, conservas, salsas, ali\u00f1os, frutos secos, productos para reposter\u00eda, esencias, fr\u00e9joles, hojas secas y gomas.<br \/>\nImportamos materias primas al granel y distribuimos al por mayor y menor como producto terminado con marca LA CENA y marca blanca en todo el pa\u00eds.<\/p>\n\n\t\t<\/div>\n\t<\/div>\n<div class=\"vc_empty_space\"   style=\"height: 32px\"><span class=\"vc_empty_space_inner\"><\/span><\/div>\t\t<div id=\"wd-5f68fe90e89bf\" class=\"wd-timeline-wrapper wd-item-default wd-line-default wd-rs-5f68fe90e89bf \">\n\t\t\t<div class=\"woodmart-timeline-line\">\n\t\t\t\t<span class=\"line-dot dot-start\"><\/span>\n\t\t\t\t<span class=\"line-dot dot-end\"><\/span>\n\t\t\t<\/div>\n\t\t\t<div class=\"wd-timeline\">\n\t\t\t\t\t\t<div id=\"wd-5f68fea30909e\" class=\"wd-timeline-item wd-item-position-left\">\n\n\t\t\t<div class=\"woodmart-timeline-dot\"><\/div>\n\n\t\t\t<div class=\"timeline-col timeline-col-primary\">\n\t\t\t\t<span class=\"timeline-arrow\"><\/span>\n\t\t\t\t\t\t\t\t<h4 class=\"wd-timeline-title\">1983<\/h4>\n\t\t\t\t<div class=\"wd-timeline-content wd-set-mb reset-last-child\">Empezamos nuestro peque\u00f1o negocio en Pichincha y Col\u00f3n como importadores y venta al granel.<\/div>\n\t\t\t<\/div>\n\n\t\t\t<div class=\"timeline-col timeline-col-secondary\">\t\n\t\t\t\t<span class=\"timeline-arrow\"><\/span>\n\t\t\t\t\t\t\t\t<h4 class=\"wd-timeline-title\"><\/h4>\n\t\t\t\t<div class=\"wd-timeline-content wd-set-mb reset-last-child\"><\/div>\n\t\t\t<\/div>\n\t\t\t\t\t<\/div>\n\t\t\t\t<div id=\"wd-5f68fed36a7da\" class=\"wd-timeline-item wd-item-position-left\">\n\n\t\t\t<div class=\"woodmart-timeline-dot\"><\/div>\n\n\t\t\t<div class=\"timeline-col timeline-col-primary\">\n\t\t\t\t<span class=\"timeline-arrow\"><\/span>\n\t\t\t\t\t\t\t\t<h4 class=\"wd-timeline-title\"><\/h4>\n\t\t\t\t<div class=\"wd-timeline-content wd-set-mb reset-last-child\"><\/div>\n\t\t\t<\/div>\n\n\t\t\t<div class=\"timeline-col timeline-col-secondary\">\t\n\t\t\t\t<span class=\"timeline-arrow\"><\/span>\n\t\t\t\t\t\t\t\t<h4 class=\"wd-timeline-title\">1990<\/h4>\n\t\t\t\t<div class=\"wd-timeline-content wd-set-mb reset-last-child\">Creamos nuestra empresa Industrial Lingesa con la marca Productos La Cena, dedicada a la elaboraci\u00f3n y distribuci\u00f3n de condimentos, conservas, salsas, ali\u00f1os, frutos secos, productos para reposter\u00eda, esencias, fr\u00e9joles, hojas secas y gomas.<\/div>\n\t\t\t<\/div>\n\t\t\t\t\t<\/div>\n\t\t\t\t<div id=\"wd-5f68fef683f7a\" class=\"wd-timeline-item wd-item-position-left\">\n\n\t\t\t<div class=\"woodmart-timeline-dot\"><\/div>\n\n\t\t\t<div class=\"timeline-col timeline-col-primary\">\n\t\t\t\t<span class=\"timeline-arrow\"><\/span>\n\t\t\t\t\t\t\t\t<h4 class=\"wd-timeline-title\">1998<\/h4>\n\t\t\t\t<div class=\"wd-timeline-content wd-set-mb reset-last-child\">Enviamos nuestra primera exportaci\u00f3n a Espa\u00f1a y Estados Unidos.<\/div>\n\t\t\t<\/div>\n\n\t\t\t<div class=\"timeline-col timeline-col-secondary\">\t\n\t\t\t\t<span class=\"timeline-arrow\"><\/span>\n\t\t\t\t\t\t\t\t<h4 class=\"wd-timeline-title\"><\/h4>\n\t\t\t\t<div class=\"wd-timeline-content wd-set-mb reset-last-child\"><\/div>\n\t\t\t<\/div>\n\t\t\t\t\t<\/div>\n\t\t\t\t<div id=\"wd-67f460f636089\" class=\"wd-timeline-item wd-item-position-left\">\n\n\t\t\t<div class=\"woodmart-timeline-dot\"><\/div>\n\n\t\t\t<div class=\"timeline-col timeline-col-primary\">\n\t\t\t\t<span class=\"timeline-arrow\"><\/span>\n\t\t\t\t\t\t\t\t<h4 class=\"wd-timeline-title\"><\/h4>\n\t\t\t\t<div class=\"wd-timeline-content wd-set-mb reset-last-child\"><\/div>\n\t\t\t<\/div>\n\n\t\t\t<div class=\"timeline-col timeline-col-secondary\">\t\n\t\t\t\t<span class=\"timeline-arrow\"><\/span>\n\t\t\t\t\t\t\t\t<h4 class=\"wd-timeline-title\">2011<\/h4>\n\t\t\t\t<div class=\"wd-timeline-content wd-set-mb reset-last-child\">Implementamos una piladora de arroz natural y envejecido con las marcas LA CENA, EL SEVILLANO y SANTA MARTHA.<\/div>\n\t\t\t<\/div>\n\t\t\t\t\t<\/div>\n\t\t\t\t<div id=\"wd-67f4610037954\" class=\"wd-timeline-item wd-item-position-left\">\n\n\t\t\t<div class=\"woodmart-timeline-dot\"><\/div>\n\n\t\t\t<div class=\"timeline-col timeline-col-primary\">\n\t\t\t\t<span class=\"timeline-arrow\"><\/span>\n\t\t\t\t\t\t\t\t\t<div class=\"wd-timeline-image\" >\n\t\t\t\t\t\t<img loading=\"lazy\" decoding=\"async\" width=\"202\" height=\"163\" src=\"https:\/\/productoslacena.com.ec\/wp-content\/uploads\/2025\/04\/unnamed.png\" class=\"attachment-full size-full\" alt=\"\" srcset=\"https:\/\/productoslacena.com.ec\/wp-content\/uploads\/2025\/04\/unnamed.png 202w, https:\/\/productoslacena.com.ec\/wp-content\/uploads\/2025\/04\/unnamed-15x12.png 15w, https:\/\/productoslacena.com.ec\/wp-content\/uploads\/2025\/04\/unnamed-150x121.png 150w\" sizes=\"auto, (max-width: 202px) 100vw, 202px\" \/>\t\t\t\t\t<\/div>\n\t\t\t\t\t\t\t\t<h4 class=\"wd-timeline-title\"><\/h4>\n\t\t\t\t<div class=\"wd-timeline-content wd-set-mb reset-last-child\"><\/div>\n\t\t\t<\/div>\n\n\t\t\t<div class=\"timeline-col timeline-col-secondary\">\t\n\t\t\t\t<span class=\"timeline-arrow\"><\/span>\n\t\t\t\t\t\t\t\t<h4 class=\"wd-timeline-title\">2020<\/h4>\n\t\t\t\t<div class=\"wd-timeline-content wd-set-mb reset-last-child\">Obtuvimos la certificaci\u00f3n en buenas pr\u00e1cticas de manufacturas<\/div>\n\t\t\t<\/div>\n\t\t\t\t\t<\/div>\n\t\t\t\t\t<\/div>\n\t\t\t\t\t<\/div>\n\t\t<div class=\"vc_empty_space\"   style=\"height: 32px\"><span class=\"vc_empty_space_inner\"><\/span><\/div><div id=\"wd-5e1657e0331da\" class=\" wd-rs-5e1657e0331da  wd-button-wrapper text-center inline-element\"><a href=\"https:\/\/productoslacena.com.ec\/\" title=\"Inicio\" class=\"btn btn-color-primary btn-style-default btn-shape-rectangle btn-size-default\">VER PRODUCTOS<\/a><\/div><div id=\"wd-5e16585033a3b\" class=\" wd-rs-5e16585033a3b  wd-button-wrapper text-center inline-element\"><a href=\"https:\/\/productoslacena.com.ec\/contacto\/\" title=\"Contacto\" class=\"btn btn-style-bordered btn-shape-rectangle btn-size-default\">CONTACTO<\/a><\/div><\/div><\/div><\/div><\/div><div class=\"vc_row wpb_row vc_row-fluid vc_custom_1505550660496\"><div class=\"wpb_column vc_column_container vc_col-sm-12 vc_col-has-fill color-scheme-dark\"><div class=\"vc_column-inner vc_custom_1505552126475\"><div class=\"wpb_wrapper\">\t\t\t<div id=\"wd-5e1658f330743\" class=\"wd-text-block-wrapper wd-wpb wd-rs-5e1658f330743 color-scheme-custom text-center wd-width-enabled vc_custom_1578522875696\" style=\"--wd-max-width: 50%;\">\n\t\t\t\t<div class=\"woodmart-title-container woodmart-text-block reset-last-child font-primary wd-font-weight-400 \">\n\t\t\t\t\t<\/p>\n<h3 style=\"text-align: center;\"><strong>\u00abUn toque \u00fanico a tus comidas\u00bb<\/strong><\/h3>\n<p>\t\t\t\t<\/div>\n\n\t\t\t\t\t\t\t<\/div>\n\t\t<\/div><\/div><\/div><div class=\"wpb_column vc_column_container vc_col-sm-2\"><div class=\"vc_column-inner\"><div class=\"wpb_wrapper\"><\/div><\/div><\/div><div class=\"wpb_column position-relative z-index-10 vc_column_container vc_col-sm-8 vc_hidden-lg vc_hidden-md vc_hidden-sm vc_hidden-xs vc_col-has-fill\"><div class=\"vc_column-inner vc_custom_1578522758686\"><div class=\"wpb_wrapper\">\n\t<div class=\"wpb_video_widget wpb_content_element vc_clearfix vc_custom_1506085962605 vc_video-aspect-ratio-169 vc_video-el-width-100 vc_video-align-center\" >\n\t\t<div class=\"wpb_wrapper\">\n\t\t\t\n\t\t\t<div class=\"wpb_video_wrapper\">\t\t\t\t\t\t<div id=\"wd-rs-69e3824ddce73\" class=\"wd-video-poster-wrapper\">\n\t\t\t\t\t\t\t<div class=\"wd-video-poster\" style=\"background-image:url(https:\/\/productoslacena.com.ec\/wp-content\/uploads\/2017\/06\/wood-gallery-placeholder-4.jpg)\"><\/div>\n\t\t\t\t\t\t\t<div class=\"button-play\"><\/div>\n\t\t\t\t\t\t<\/div>\n\t\t\t\t\t<iframe loading=\"lazy\" title=\"Twig + Anthropologie\" src=\"https:\/\/player.vimeo.com\/video\/66790279?dnt=1&amp;app_id=122963\" width=\"500\" height=\"281\" frameborder=\"0\" allow=\"autoplay; fullscreen; picture-in-picture; clipboard-write\"><\/iframe><\/div>\n\t\t<\/div>\n\t<\/div>\n<\/div><\/div><\/div><\/div>\n<\/div>","protected":false},"excerpt":{"rendered":"Somos una empresa familiar creada en 1990 Productos La Cena\u00a0somos una pyme familiar ecuatoriana creada en 1990, dedicada a la","protected":false},"author":1,"featured_media":0,"parent":0,"menu_order":0,"comment_status":"closed","ping_status":"closed","template":"","meta":{"_joinchat":[],"footnotes":""},"class_list":["post-996","page","type-page","status-publish","hentry"],"_links":{"self":[{"href":"https:\/\/productoslacena.com.ec\/en\/wp-json\/wp\/v2\/pages\/996","targetHints":{"allow":["GET"]}}],"collection":[{"href":"https:\/\/productoslacena.com.ec\/en\/wp-json\/wp\/v2\/pages"}],"about":[{"href":"https:\/\/productoslacena.com.ec\/en\/wp-json\/wp\/v2\/types\/page"}],"author":[{"embeddable":true,"href":"https:\/\/productoslacena.com.ec\/en\/wp-json\/wp\/v2\/users\/1"}],"replies":[{"embeddable":true,"href":"https:\/\/productoslacena.com.ec\/en\/wp-json\/wp\/v2\/comments?post=996"}],"version-history":[{"count":11,"href":"https:\/\/productoslacena.com.ec\/en\/wp-json\/wp\/v2\/pages\/996\/revisions"}],"predecessor-version":[{"id":9768,"href":"https:\/\/productoslacena.com.ec\/en\/wp-json\/wp\/v2\/pages\/996\/revisions\/9768"}],"wp:attachment":[{"href":"https:\/\/productoslacena.com.ec\/en\/wp-json\/wp\/v2\/media?parent=996"}],"curies":[{"name":"wp","href":"https:\/\/api.w.org\/{rel}","templated":true}]}}