{"id":8076,"date":"2020-04-27T21:39:55","date_gmt":"2020-04-27T21:39:55","guid":{"rendered":"https:\/\/productoslacena.com.ec\/?post_type=product&#038;p=8076"},"modified":"2021-07-31T15:00:18","modified_gmt":"2021-07-31T15:00:18","slug":"miel-de-abeja","status":"publish","type":"product","link":"https:\/\/productoslacena.com.ec\/en\/tienda\/miel-de-abeja\/","title":{"rendered":"Miel de Abeja Org\u00e1nica Dulz\u00f3n 250Gr."},"content":{"rendered":"","protected":false},"excerpt":{"rendered":"<p>MIEL DE ABEJA ORG\u00c1NICA DULZ\u00d3N 250GR<\/p>","protected":false},"featured_media":8550,"comment_status":"open","ping_status":"closed","template":"","meta":{"_joinchat":[]},"product_brand":[],"product_cat":[103],"product_tag":[],"class_list":{"0":"post-8076","1":"product","2":"type-product","3":"status-publish","4":"has-post-thumbnail","6":"product_cat-superalimentos","8":"first","9":"outofstock","10":"purchasable","11":"product-type-variable"},"_links":{"self":[{"href":"https:\/\/productoslacena.com.ec\/en\/wp-json\/wp\/v2\/product\/8076","targetHints":{"allow":["GET"]}}],"collection":[{"href":"https:\/\/productoslacena.com.ec\/en\/wp-json\/wp\/v2\/product"}],"about":[{"href":"https:\/\/productoslacena.com.ec\/en\/wp-json\/wp\/v2\/types\/product"}],"replies":[{"embeddable":true,"href":"https:\/\/productoslacena.com.ec\/en\/wp-json\/wp\/v2\/comments?post=8076"}],"wp:featuredmedia":[{"embeddable":true,"href":"https:\/\/productoslacena.com.ec\/en\/wp-json\/wp\/v2\/media\/8550"}],"wp:attachment":[{"href":"https:\/\/productoslacena.com.ec\/en\/wp-json\/wp\/v2\/media?parent=8076"}],"wp:term":[{"taxonomy":"product_brand","embeddable":true,"href":"https:\/\/productoslacena.com.ec\/en\/wp-json\/wp\/v2\/product_brand?post=8076"},{"taxonomy":"product_cat","embeddable":true,"href":"https:\/\/productoslacena.com.ec\/en\/wp-json\/wp\/v2\/product_cat?post=8076"},{"taxonomy":"product_tag","embeddable":true,"href":"https:\/\/productoslacena.com.ec\/en\/wp-json\/wp\/v2\/product_tag?post=8076"}],"curies":[{"name":"wp","href":"https:\/\/api.w.org\/{rel}","templated":true}]}}