{"id":8103,"date":"2020-04-28T20:35:48","date_gmt":"2020-04-28T20:35:48","guid":{"rendered":"https:\/\/productoslacena.com.ec\/?post_type=product&#038;p=8103"},"modified":"2025-09-22T21:20:47","modified_gmt":"2025-09-22T21:20:47","slug":"matcha-organico","status":"publish","type":"product","link":"https:\/\/productoslacena.com.ec\/en\/tienda\/matcha-organico\/","title":{"rendered":"Matcha Org\u00e1nico"},"content":{"rendered":"","protected":false},"excerpt":{"rendered":"<p>T\u00c9 MATCHA ORG\u00c1NICO PREVIAMENTE SELECCIONADO<\/p>","protected":false},"featured_media":8125,"comment_status":"open","ping_status":"closed","template":"","meta":{"_joinchat":[]},"product_brand":[],"product_cat":[76,103],"product_tag":[],"class_list":{"0":"post-8103","1":"product","2":"type-product","3":"status-publish","4":"has-post-thumbnail","6":"product_cat-hojas-secas-y-tes","7":"product_cat-superalimentos","9":"first","10":"outofstock","11":"purchasable","12":"product-type-variable"},"_links":{"self":[{"href":"https:\/\/productoslacena.com.ec\/en\/wp-json\/wp\/v2\/product\/8103","targetHints":{"allow":["GET"]}}],"collection":[{"href":"https:\/\/productoslacena.com.ec\/en\/wp-json\/wp\/v2\/product"}],"about":[{"href":"https:\/\/productoslacena.com.ec\/en\/wp-json\/wp\/v2\/types\/product"}],"replies":[{"embeddable":true,"href":"https:\/\/productoslacena.com.ec\/en\/wp-json\/wp\/v2\/comments?post=8103"}],"wp:featuredmedia":[{"embeddable":true,"href":"https:\/\/productoslacena.com.ec\/en\/wp-json\/wp\/v2\/media\/8125"}],"wp:attachment":[{"href":"https:\/\/productoslacena.com.ec\/en\/wp-json\/wp\/v2\/media?parent=8103"}],"wp:term":[{"taxonomy":"product_brand","embeddable":true,"href":"https:\/\/productoslacena.com.ec\/en\/wp-json\/wp\/v2\/product_brand?post=8103"},{"taxonomy":"product_cat","embeddable":true,"href":"https:\/\/productoslacena.com.ec\/en\/wp-json\/wp\/v2\/product_cat?post=8103"},{"taxonomy":"product_tag","embeddable":true,"href":"https:\/\/productoslacena.com.ec\/en\/wp-json\/wp\/v2\/product_tag?post=8103"}],"curies":[{"name":"wp","href":"https:\/\/api.w.org\/{rel}","templated":true}]}}