{"id":10047,"date":"2025-05-17T16:14:55","date_gmt":"2025-05-17T16:14:55","guid":{"rendered":"https:\/\/productoslacena.com.ec\/?post_type=product&#038;p=10047"},"modified":"2025-11-12T16:39:10","modified_gmt":"2025-11-12T16:39:10","slug":"pinon","status":"publish","type":"product","link":"https:\/\/productoslacena.com.ec\/es_es\/tienda\/pinon\/","title":{"rendered":"Pi\u00f1\u00f3n"},"content":{"rendered":"","protected":false},"excerpt":{"rendered":"<p>PI\u00d1\u00d3N PREVIAMENTE SELECCIONADO<\/p>\n","protected":false},"featured_media":10415,"comment_status":"open","ping_status":"closed","template":"","meta":{"_joinchat":[]},"product_brand":[],"product_cat":[116,69],"product_tag":[],"class_list":{"0":"post-10047","1":"product","2":"type-product","3":"status-publish","4":"has-post-thumbnail","6":"product_cat-frutos-secos","7":"product_cat-frutos-secos-y-deshidratados","9":"first","10":"instock","11":"purchasable","12":"product-type-variable"},"_links":{"self":[{"href":"https:\/\/productoslacena.com.ec\/es_es\/wp-json\/wp\/v2\/product\/10047","targetHints":{"allow":["GET"]}}],"collection":[{"href":"https:\/\/productoslacena.com.ec\/es_es\/wp-json\/wp\/v2\/product"}],"about":[{"href":"https:\/\/productoslacena.com.ec\/es_es\/wp-json\/wp\/v2\/types\/product"}],"replies":[{"embeddable":true,"href":"https:\/\/productoslacena.com.ec\/es_es\/wp-json\/wp\/v2\/comments?post=10047"}],"wp:featuredmedia":[{"embeddable":true,"href":"https:\/\/productoslacena.com.ec\/es_es\/wp-json\/wp\/v2\/media\/10415"}],"wp:attachment":[{"href":"https:\/\/productoslacena.com.ec\/es_es\/wp-json\/wp\/v2\/media?parent=10047"}],"wp:term":[{"taxonomy":"product_brand","embeddable":true,"href":"https:\/\/productoslacena.com.ec\/es_es\/wp-json\/wp\/v2\/product_brand?post=10047"},{"taxonomy":"product_cat","embeddable":true,"href":"https:\/\/productoslacena.com.ec\/es_es\/wp-json\/wp\/v2\/product_cat?post=10047"},{"taxonomy":"product_tag","embeddable":true,"href":"https:\/\/productoslacena.com.ec\/es_es\/wp-json\/wp\/v2\/product_tag?post=10047"}],"curies":[{"name":"wp","href":"https:\/\/api.w.org\/{rel}","templated":true}]}}