{"id":7866,"date":"2020-04-21T04:06:05","date_gmt":"2020-04-21T04:06:05","guid":{"rendered":"https:\/\/productoslacena.com.ec\/?post_type=product&#038;p=7866"},"modified":"2025-05-14T18:04:55","modified_gmt":"2025-05-14T18:04:55","slug":"nuez-de-maranon-cashew","status":"publish","type":"product","link":"https:\/\/productoslacena.com.ec\/es_es\/tienda\/nuez-de-maranon-cashew\/","title":{"rendered":"Nuez de Mara\u00f1\u00f3n &#8211; Cashew"},"content":{"rendered":"","protected":false},"excerpt":{"rendered":"<p>NUEZ DE MARA\u00d1\u00d3N PELADA PREVIAMENTE SELECCIONADA<\/p>\n","protected":false},"featured_media":8786,"comment_status":"closed","ping_status":"closed","template":"","meta":{"_joinchat":[]},"product_brand":[],"product_cat":[116],"product_tag":[],"class_list":{"0":"post-7866","1":"product","2":"type-product","3":"status-publish","4":"has-post-thumbnail","6":"product_cat-frutos-secos","8":"first","9":"instock","10":"purchasable","11":"product-type-variable"},"_links":{"self":[{"href":"https:\/\/productoslacena.com.ec\/es_es\/wp-json\/wp\/v2\/product\/7866","targetHints":{"allow":["GET"]}}],"collection":[{"href":"https:\/\/productoslacena.com.ec\/es_es\/wp-json\/wp\/v2\/product"}],"about":[{"href":"https:\/\/productoslacena.com.ec\/es_es\/wp-json\/wp\/v2\/types\/product"}],"replies":[{"embeddable":true,"href":"https:\/\/productoslacena.com.ec\/es_es\/wp-json\/wp\/v2\/comments?post=7866"}],"wp:featuredmedia":[{"embeddable":true,"href":"https:\/\/productoslacena.com.ec\/es_es\/wp-json\/wp\/v2\/media\/8786"}],"wp:attachment":[{"href":"https:\/\/productoslacena.com.ec\/es_es\/wp-json\/wp\/v2\/media?parent=7866"}],"wp:term":[{"taxonomy":"product_brand","embeddable":true,"href":"https:\/\/productoslacena.com.ec\/es_es\/wp-json\/wp\/v2\/product_brand?post=7866"},{"taxonomy":"product_cat","embeddable":true,"href":"https:\/\/productoslacena.com.ec\/es_es\/wp-json\/wp\/v2\/product_cat?post=7866"},{"taxonomy":"product_tag","embeddable":true,"href":"https:\/\/productoslacena.com.ec\/es_es\/wp-json\/wp\/v2\/product_tag?post=7866"}],"curies":[{"name":"wp","href":"https:\/\/api.w.org\/{rel}","templated":true}]}}